{"id":6961,"date":"2024-08-13T17:01:26","date_gmt":"2024-08-13T15:01:26","guid":{"rendered":"https:\/\/www.airplan-sa.com\/catalogs\/"},"modified":"2025-10-21T12:48:47","modified_gmt":"2025-10-21T10:48:47","slug":"catalogs","status":"publish","type":"page","link":"https:\/\/www.airplan-sa.com\/pt-pt\/catalogs\/","title":{"rendered":"Catalogs"},"content":{"rendered":"\t\t<div data-elementor-type=\"wp-page\" data-elementor-id=\"6961\" class=\"elementor elementor-6961 elementor-5414\">\n\t\t\t\t\t\t<section class=\"elementor-section elementor-top-section elementor-element elementor-element-df000d7 elementor-section-boxed elementor-section-height-default elementor-section-height-default\" data-id=\"df000d7\" data-element_type=\"section\" data-e-type=\"section\">\n\t\t\t\t\t\t<div class=\"elementor-container elementor-column-gap-default\">\n\t\t\t\t\t<div class=\"elementor-column elementor-col-100 elementor-top-column elementor-element elementor-element-6ed7ca2\" data-id=\"6ed7ca2\" data-element_type=\"column\" data-e-type=\"column\">\n\t\t\t<div class=\"elementor-widget-wrap\">\n\t\t\t\t\t\t\t<\/div>\n\t\t<\/div>\n\t\t\t\t\t<\/div>\n\t\t<\/section>\n\t\t\t\t<section class=\"elementor-section elementor-top-section elementor-element elementor-element-51efb73 elementor-section-boxed elementor-section-height-default elementor-section-height-default\" data-id=\"51efb73\" data-element_type=\"section\" data-e-type=\"section\">\n\t\t\t\t\t\t<div class=\"elementor-container elementor-column-gap-default\">\n\t\t\t\t\t<div class=\"elementor-column elementor-col-100 elementor-top-column elementor-element elementor-element-e4371ae\" data-id=\"e4371ae\" data-element_type=\"column\" data-e-type=\"column\">\n\t\t\t<div class=\"elementor-widget-wrap elementor-element-populated\">\n\t\t\t\t\t\t<div class=\"elementor-element elementor-element-31f2b20 elementor-widget elementor-widget-html\" data-id=\"31f2b20\" data-element_type=\"widget\" data-e-type=\"widget\" data-widget_type=\"html.default\">\n\t\t\t\t<div class=\"elementor-widget-container\">\n\t\t\t\t\t<style>\r\n    footer {\r\n        display: none;\r\n    }\r\n    h1 {\r\n    font-size: 2.5em;\r\n    position: relative;\r\n    margin-top: 0;\r\n    margin-bottom: 4.5\r\nrem\r\n;\r\n    padding-top: 3\r\nrem\r\n;\r\n    margin-left: 3\r\nrem\r\n;\r\n    font-weight: 800;\r\n    line-height: 1.1;\r\n    font-family: \"Gotham A\",\"Gotham B\",\"Helvetica Neue\",Helvetica,Arial,sans-serif !important;\r\n    padding-right: 5\r\nrem\r\n;\r\n}\r\np, .elementor-button-text {\r\n   font-family: \"Gotham SSm A\",\"Gotham SSm B\",\"Helvetica Neue\",Helvetica,Arial,sans-serif !important;\r\n;\r\n}\r\nh4 {\r\n    font-size: 1em;\r\n    position: relative;\r\n    margin-top: 0;\r\n    margin-bottom: 4.5\r\nrem\r\n;\r\n    padding-top: 3\r\nrem\r\n;\r\n    margin-left: 3\r\nrem\r\n;\r\n    font-weight: 800;\r\n    line-height: 1.1;\r\n    font-family: \"Gotham A\",\"Gotham B\",\"Helvetica Neue\",Helvetica,Arial,sans-serif !important;\r\n    padding-right: 5\r\nrem\r\n;\r\n}\r\nbody {\r\n    padding-bottom: 100px;\r\n}\r\n<\/style>\t\t\t\t<\/div>\n\t\t\t\t<\/div>\n\t\t\t\t<div class=\"elementor-element elementor-element-21c3c33 lang-box elementor-hidden-desktop elementor-hidden-tablet elementor-widget elementor-widget-text-editor\" data-id=\"21c3c33\" data-element_type=\"widget\" data-e-type=\"widget\" data-widget_type=\"text-editor.default\">\n\t\t\t\t<div class=\"elementor-widget-container\">\n\t\t\t\t\t\t\t\t\t<p><a href=\"https:\/\/airplan-sa.com\/es\/catalogos\/\">es<\/a> \/ <a href=\"https:\/\/airplan-sa.com\/en\/catalogos\/\">en<\/a> \/ <a href=\"https:\/\/airplan-sa.com\/en\/catalogos\/\">fr<\/a><\/p>\r\n\t\t\t\t\t\t\t\t<\/div>\n\t\t\t\t<\/div>\n\t\t\t\t<div class=\"elementor-element elementor-element-88eb127 elementor-widget elementor-widget-spacer\" data-id=\"88eb127\" data-element_type=\"widget\" data-e-type=\"widget\" data-widget_type=\"spacer.default\">\n\t\t\t\t<div class=\"elementor-widget-container\">\n\t\t\t\t\t\t\t<div class=\"elementor-spacer\">\n\t\t\t<div class=\"elementor-spacer-inner\"><\/div>\n\t\t<\/div>\n\t\t\t\t\t\t<\/div>\n\t\t\t\t<\/div>\n\t\t\t\t<div class=\"elementor-element elementor-element-8b466b6 elementor-widget-divider--view-line elementor-widget elementor-widget-divider\" data-id=\"8b466b6\" data-element_type=\"widget\" data-e-type=\"widget\" data-widget_type=\"divider.default\">\n\t\t\t\t<div class=\"elementor-widget-container\">\n\t\t\t\t\t\t\t<div class=\"elementor-divider\">\n\t\t\t<span class=\"elementor-divider-separator\">\n\t\t\t\t\t\t<\/span>\n\t\t<\/div>\n\t\t\t\t\t\t<\/div>\n\t\t\t\t<\/div>\n\t\t\t\t<div class=\"elementor-element elementor-element-d8d9c6d elementor-widget elementor-widget-heading\" data-id=\"d8d9c6d\" data-element_type=\"widget\" data-e-type=\"widget\" data-widget_type=\"heading.default\">\n\t\t\t\t<div class=\"elementor-widget-container\">\n\t\t\t\t\t<h1 class=\"elementor-heading-title elementor-size-default\">Cat\u00e1logos<\/h1>\t\t\t\t<\/div>\n\t\t\t\t<\/div>\n\t\t\t\t\t<\/div>\n\t\t<\/div>\n\t\t\t\t\t<\/div>\n\t\t<\/section>\n\t\t\t\t<section class=\"elementor-section elementor-top-section elementor-element elementor-element-04b9890 elementor-section-boxed elementor-section-height-default elementor-section-height-default\" data-id=\"04b9890\" data-element_type=\"section\" data-e-type=\"section\">\n\t\t\t\t\t\t<div class=\"elementor-container elementor-column-gap-default\">\n\t\t\t\t\t<div class=\"elementor-column elementor-col-20 elementor-top-column elementor-element elementor-element-a15b45d\" data-id=\"a15b45d\" data-element_type=\"column\" data-e-type=\"column\" data-settings=\"{&quot;background_background&quot;:&quot;classic&quot;}\">\n\t\t\t<div class=\"elementor-widget-wrap elementor-element-populated\">\n\t\t\t\t\t\t<div class=\"elementor-element elementor-element-a421868 elementor-widget elementor-widget-image\" data-id=\"a421868\" data-element_type=\"widget\" data-e-type=\"widget\" data-widget_type=\"image.default\">\n\t\t\t\t<div class=\"elementor-widget-container\">\n\t\t\t\t\t\t\t\t\t\t\t\t\t\t\t\t<a href=\"https:\/\/www.airplan-sa.com\/wp-content\/uploads\/2025\/10\/AIRPLAN_GENERAL-CATALOGUE-ENG_2025-09-24.pdf\" target=\"_blank\">\n\t\t\t\t\t\t\t<img decoding=\"async\" src=\"https:\/\/www.airplan-sa.com\/wp-content\/uploads\/elementor\/thumbs\/Airplan-catalogo-geral-EN-rdj2jtbibgybph0fbpm1d10jif42moiasad7qulpwg.png\" title=\"Airplan-catalogo-geral-EN\" alt=\"Airplan-catalogo-geral-EN\" loading=\"lazy\" \/>\t\t\t\t\t\t\t\t<\/a>\n\t\t\t\t\t\t\t\t\t\t\t\t\t\t\t<\/div>\n\t\t\t\t<\/div>\n\t\t\t\t<section class=\"elementor-section elementor-inner-section elementor-element elementor-element-63978ec elementor-section-boxed elementor-section-height-default elementor-section-height-default\" data-id=\"63978ec\" data-element_type=\"section\" data-e-type=\"section\">\n\t\t\t\t\t\t<div class=\"elementor-container elementor-column-gap-default\">\n\t\t\t\t\t<div class=\"elementor-column elementor-col-100 elementor-inner-column elementor-element elementor-element-8a0bb29\" data-id=\"8a0bb29\" data-element_type=\"column\" data-e-type=\"column\">\n\t\t\t<div class=\"elementor-widget-wrap elementor-element-populated\">\n\t\t\t\t\t\t<div class=\"elementor-element elementor-element-d22d867 elementor-widget elementor-widget-heading\" data-id=\"d22d867\" data-element_type=\"widget\" data-e-type=\"widget\" data-widget_type=\"heading.default\">\n\t\t\t\t<div class=\"elementor-widget-container\">\n\t\t\t\t\t<h4 class=\"elementor-heading-title elementor-size-default\"><a href=\"https:\/\/www.airplan-sa.com\/wp-content\/uploads\/2025\/10\/AIRPLAN_GENERAL-CATALOGUE-ENG_2025-09-24.pdf\" target=\"_blank\">AIRPLAN \u2013 CAT\u00c1LOGO GERAL<\/a><\/h4>\t\t\t\t<\/div>\n\t\t\t\t<\/div>\n\t\t\t\t<div class=\"elementor-element elementor-element-7b5d403 elementor-align-left elementor-widget elementor-widget-button\" data-id=\"7b5d403\" data-element_type=\"widget\" data-e-type=\"widget\" data-widget_type=\"button.default\">\n\t\t\t\t<div class=\"elementor-widget-container\">\n\t\t\t\t\t\t\t\t\t<div class=\"elementor-button-wrapper\">\n\t\t\t\t\t<a class=\"elementor-button elementor-button-link elementor-size-sm elementor-animation-grow\" href=\"https:\/\/www.airplan-sa.com\/wp-content\/uploads\/2025\/10\/AIRPLAN_GENERAL-CATALOGUE-ENG_2025-09-24.pdf\" target=\"_blank\" download=\"\">\n\t\t\t\t\t\t<span class=\"elementor-button-content-wrapper\">\n\t\t\t\t\t\t<span class=\"elementor-button-icon\">\n\t\t\t\t<i aria-hidden=\"true\" class=\"far fa-arrow-alt-circle-down\"><\/i>\t\t\t<\/span>\n\t\t\t\t\t\t\t\t\t<span class=\"elementor-button-text\">Download<\/span>\n\t\t\t\t\t<\/span>\n\t\t\t\t\t<\/a>\n\t\t\t\t<\/div>\n\t\t\t\t\t\t\t\t<\/div>\n\t\t\t\t<\/div>\n\t\t\t\t\t<\/div>\n\t\t<\/div>\n\t\t\t\t\t<\/div>\n\t\t<\/section>\n\t\t\t\t\t<\/div>\n\t\t<\/div>\n\t\t\t\t<div class=\"elementor-column elementor-col-20 elementor-top-column elementor-element elementor-element-97c4b94\" data-id=\"97c4b94\" data-element_type=\"column\" data-e-type=\"column\" data-settings=\"{&quot;background_background&quot;:&quot;classic&quot;}\">\n\t\t\t<div class=\"elementor-widget-wrap elementor-element-populated\">\n\t\t\t\t\t\t<div class=\"elementor-element elementor-element-a63c40e elementor-widget elementor-widget-image\" data-id=\"a63c40e\" data-element_type=\"widget\" data-e-type=\"widget\" data-widget_type=\"image.default\">\n\t\t\t\t<div class=\"elementor-widget-container\">\n\t\t\t\t\t\t\t\t\t\t\t\t\t\t\t\t<a href=\"https:\/\/www.airplan-sa.com\/wp-content\/uploads\/2024\/08\/cannabis-solutions-PT.pdf\" target=\"_blank\">\n\t\t\t\t\t\t\t<img decoding=\"async\" src=\"https:\/\/www.airplan-sa.com\/wp-content\/uploads\/elementor\/thumbs\/Cannabis-Solutions-Capa-qsjx6zrm3rn3k1vz800e2peh38vl0j8xrkfcr6jt5s.png\" title=\"Cannabis-Solutions-Capa\" alt=\"Cannabis-Solutions-Capa\" loading=\"lazy\" \/>\t\t\t\t\t\t\t\t<\/a>\n\t\t\t\t\t\t\t\t\t\t\t\t\t\t\t<\/div>\n\t\t\t\t<\/div>\n\t\t\t\t<section class=\"elementor-section elementor-inner-section elementor-element elementor-element-3a26ba1 elementor-section-boxed elementor-section-height-default elementor-section-height-default\" data-id=\"3a26ba1\" data-element_type=\"section\" data-e-type=\"section\">\n\t\t\t\t\t\t<div class=\"elementor-container elementor-column-gap-default\">\n\t\t\t\t\t<div class=\"elementor-column elementor-col-100 elementor-inner-column elementor-element elementor-element-916faa1\" data-id=\"916faa1\" data-element_type=\"column\" data-e-type=\"column\">\n\t\t\t<div class=\"elementor-widget-wrap elementor-element-populated\">\n\t\t\t\t\t\t<div class=\"elementor-element elementor-element-b921962 elementor-widget elementor-widget-heading\" data-id=\"b921962\" data-element_type=\"widget\" data-e-type=\"widget\" data-widget_type=\"heading.default\">\n\t\t\t\t<div class=\"elementor-widget-container\">\n\t\t\t\t\t<h4 class=\"elementor-heading-title elementor-size-default\">AIRPLAN \u2013 SOLU\u00c7\u00d5ES PARA A IND\u00daSTRIA DE CANNABIS MEDICINAL<\/h4>\t\t\t\t<\/div>\n\t\t\t\t<\/div>\n\t\t\t\t<div class=\"elementor-element elementor-element-1eb41a6 elementor-align-left elementor-widget elementor-widget-button\" data-id=\"1eb41a6\" data-element_type=\"widget\" data-e-type=\"widget\" data-widget_type=\"button.default\">\n\t\t\t\t<div class=\"elementor-widget-container\">\n\t\t\t\t\t\t\t\t\t<div class=\"elementor-button-wrapper\">\n\t\t\t\t\t<a class=\"elementor-button elementor-button-link elementor-size-sm elementor-animation-grow\" href=\"https:\/\/www.airplan-sa.com\/wp-content\/uploads\/2024\/08\/cannabis-solutions-PT.pdf\" target=\"_blank\" download=\"\">\n\t\t\t\t\t\t<span class=\"elementor-button-content-wrapper\">\n\t\t\t\t\t\t<span class=\"elementor-button-icon\">\n\t\t\t\t<i aria-hidden=\"true\" class=\"far fa-arrow-alt-circle-down\"><\/i>\t\t\t<\/span>\n\t\t\t\t\t\t\t\t\t<span class=\"elementor-button-text\">Download<\/span>\n\t\t\t\t\t<\/span>\n\t\t\t\t\t<\/a>\n\t\t\t\t<\/div>\n\t\t\t\t\t\t\t\t<\/div>\n\t\t\t\t<\/div>\n\t\t\t\t\t<\/div>\n\t\t<\/div>\n\t\t\t\t\t<\/div>\n\t\t<\/section>\n\t\t\t\t\t<\/div>\n\t\t<\/div>\n\t\t\t\t<div class=\"elementor-column elementor-col-20 elementor-top-column elementor-element elementor-element-ada82c8\" data-id=\"ada82c8\" data-element_type=\"column\" data-e-type=\"column\">\n\t\t\t<div class=\"elementor-widget-wrap\">\n\t\t\t\t\t\t\t<\/div>\n\t\t<\/div>\n\t\t\t\t<div class=\"elementor-column elementor-col-20 elementor-top-column elementor-element elementor-element-8bd5291\" data-id=\"8bd5291\" data-element_type=\"column\" data-e-type=\"column\">\n\t\t\t<div class=\"elementor-widget-wrap\">\n\t\t\t\t\t\t\t<\/div>\n\t\t<\/div>\n\t\t\t\t<div class=\"elementor-column elementor-col-20 elementor-top-column elementor-element elementor-element-ce69868\" data-id=\"ce69868\" data-element_type=\"column\" data-e-type=\"column\">\n\t\t\t<div class=\"elementor-widget-wrap\">\n\t\t\t\t\t\t\t<\/div>\n\t\t<\/div>\n\t\t\t\t\t<\/div>\n\t\t<\/section>\n\t\t\t\t<section class=\"elementor-section elementor-top-section elementor-element elementor-element-a111dc4 elementor-section-boxed elementor-section-height-default elementor-section-height-default\" data-id=\"a111dc4\" data-element_type=\"section\" data-e-type=\"section\">\n\t\t\t\t\t\t<div class=\"elementor-container elementor-column-gap-default\">\n\t\t\t\t\t<div class=\"elementor-column elementor-col-100 elementor-top-column elementor-element elementor-element-ffcd88a\" data-id=\"ffcd88a\" data-element_type=\"column\" data-e-type=\"column\">\n\t\t\t<div class=\"elementor-widget-wrap elementor-element-populated\">\n\t\t\t\t\t\t<div class=\"elementor-element elementor-element-fac1eb4 elementor-widget elementor-widget-spacer\" data-id=\"fac1eb4\" data-element_type=\"widget\" data-e-type=\"widget\" data-widget_type=\"spacer.default\">\n\t\t\t\t<div class=\"elementor-widget-container\">\n\t\t\t\t\t\t\t<div class=\"elementor-spacer\">\n\t\t\t<div class=\"elementor-spacer-inner\"><\/div>\n\t\t<\/div>\n\t\t\t\t\t\t<\/div>\n\t\t\t\t<\/div>\n\t\t\t\t\t<\/div>\n\t\t<\/div>\n\t\t\t\t\t<\/div>\n\t\t<\/section>\n\t\t\t\t<\/div>\n\t\t","protected":false},"excerpt":{"rendered":"<p>es \/ en \/ fr Cat\u00e1logos AIRPLAN \u2013 CAT\u00c1LOGO GERAL Download AIRPLAN \u2013 SOLU\u00c7\u00d5ES PARA A IND\u00daSTRIA DE CANNABIS MEDICINAL Download<\/p>\n","protected":false},"author":14,"featured_media":0,"parent":0,"menu_order":0,"comment_status":"closed","ping_status":"closed","template":"elementor_header_footer","meta":{"_acf_changed":false,"footnotes":""},"class_list":["post-6961","page","type-page","status-publish","hentry"],"acf":[],"_links":{"self":[{"href":"https:\/\/www.airplan-sa.com\/pt-pt\/wp-json\/wp\/v2\/pages\/6961"}],"collection":[{"href":"https:\/\/www.airplan-sa.com\/pt-pt\/wp-json\/wp\/v2\/pages"}],"about":[{"href":"https:\/\/www.airplan-sa.com\/pt-pt\/wp-json\/wp\/v2\/types\/page"}],"author":[{"embeddable":true,"href":"https:\/\/www.airplan-sa.com\/pt-pt\/wp-json\/wp\/v2\/users\/14"}],"replies":[{"embeddable":true,"href":"https:\/\/www.airplan-sa.com\/pt-pt\/wp-json\/wp\/v2\/comments?post=6961"}],"version-history":[{"count":7,"href":"https:\/\/www.airplan-sa.com\/pt-pt\/wp-json\/wp\/v2\/pages\/6961\/revisions"}],"predecessor-version":[{"id":7522,"href":"https:\/\/www.airplan-sa.com\/pt-pt\/wp-json\/wp\/v2\/pages\/6961\/revisions\/7522"}],"wp:attachment":[{"href":"https:\/\/www.airplan-sa.com\/pt-pt\/wp-json\/wp\/v2\/media?parent=6961"}],"curies":[{"name":"wp","href":"https:\/\/api.w.org\/{rel}","templated":true}]}}